{"id":2564,"date":"2026-04-08T18:26:37","date_gmt":"2026-04-08T18:26:37","guid":{"rendered":"https:\/\/alemur.shop\/?post_type=product&#038;p=2564"},"modified":"2026-04-08T18:26:37","modified_gmt":"2026-04-08T18:26:37","slug":"scented-peptide-lip-tint-set-limited-edition","status":"publish","type":"product","link":"https:\/\/alemur.shop\/index.php\/product\/scented-peptide-lip-tint-set-limited-edition\/","title":{"rendered":"Scented Peptide Lip Tint Set (Limited Edition)"},"content":{"rendered":"","protected":false},"excerpt":{"rendered":"<p>Saldus twist\u2019as ant klasikini\u0173 atspalvi\u0173 \u2014 visi 4 Scented Peptide Lip Tint vienoje dailioje, blizgioje Espresso dovanin\u0117je d\u0117\u017eut\u0117je \ud83c\udf81\ud83e\udd0e<\/p>\n<p>Ikoni\u0161ka, apdovanojimus pelniusi formul\u0117 tirpsta ant l\u016bp\u0173 ir suteikia lengvai sluoksniuojam\u0105 spalv\u0105 + \u201eyummy\u201c aromat\u0105.<\/p>\n<p>Rinkinyje: Ribbon, Toast, Raspberry Jelly, Espresso<\/p>\n<p>\ud83d\udc84 Atspalviai + kvapai:<br \/>\n\u2022 Ribbon \u2014 permatoma ro\u017ein\u0117, vanilini\u0173 soft serve led\u0173 kvapas \ud83c\udf66<br \/>\n\u2022 Toast \u2014 rose taupe, cr\u00e8me br\u00fbl\u00e9e kvapas \ud83c\udf6e<br \/>\n\u2022 Raspberry Jelly \u2014 uogin\u0117, prinokusios aviet\u0117s kvapas \ud83c\udf53<br \/>\n\u2022 Espresso \u2014 sodri ruda, tiramisu kvapas \u2615\ufe0f<\/p>\n","protected":false},"featured_media":2028,"template":"","meta":[],"product_brand":[122],"product_cat":[150,152],"product_tag":[],"class_list":{"0":"post-2564","1":"product","2":"type-product","3":"status-publish","4":"has-post-thumbnail","6":"product_brand-rhode","7":"product_cat-lipcheek","8":"product_cat-sets","10":"first","11":"instock","12":"shipping-taxable","13":"purchasable","14":"product-type-simple"},"_links":{"self":[{"href":"https:\/\/alemur.shop\/index.php\/wp-json\/wp\/v2\/product\/2564","targetHints":{"allow":["GET"]}}],"collection":[{"href":"https:\/\/alemur.shop\/index.php\/wp-json\/wp\/v2\/product"}],"about":[{"href":"https:\/\/alemur.shop\/index.php\/wp-json\/wp\/v2\/types\/product"}],"wp:featuredmedia":[{"embeddable":true,"href":"https:\/\/alemur.shop\/index.php\/wp-json\/wp\/v2\/media\/2028"}],"wp:attachment":[{"href":"https:\/\/alemur.shop\/index.php\/wp-json\/wp\/v2\/media?parent=2564"}],"wp:term":[{"taxonomy":"product_brand","embeddable":true,"href":"https:\/\/alemur.shop\/index.php\/wp-json\/wp\/v2\/product_brand?post=2564"},{"taxonomy":"product_cat","embeddable":true,"href":"https:\/\/alemur.shop\/index.php\/wp-json\/wp\/v2\/product_cat?post=2564"},{"taxonomy":"product_tag","embeddable":true,"href":"https:\/\/alemur.shop\/index.php\/wp-json\/wp\/v2\/product_tag?post=2564"}],"curies":[{"name":"wp","href":"https:\/\/api.w.org\/{rel}","templated":true}]}}